{"id":93,"date":"2023-06-03T15:21:18","date_gmt":"2023-06-03T15:21:18","guid":{"rendered":"https:\/\/test-agraph.space\/work\/tienda\/?post_type=product&#038;p=93"},"modified":"2024-02-01T12:19:25","modified_gmt":"2024-02-01T12:19:25","slug":"afrodita","status":"publish","type":"product","link":"https:\/\/fransilvestrearquitectos.com\/tienda\/producto\/afrodita\/","title":{"rendered":"Afrodita"},"content":{"rendered":"<p>[vc_row unlock_row_content=\u00bbyes\u00bb row_height_percent=\u00bb0&#8243; override_padding=\u00bbyes\u00bb h_padding=\u00bb2&#8243; top_padding=\u00bb0&#8243; bottom_padding=\u00bb0&#8243; overlay_alpha=\u00bb50&#8243; gutter_size=\u00bb3&#8243; column_width_percent=\u00bb100&#8243; shift_y=\u00bb0&#8243; z_index=\u00bb0&#8243; uncode_shortcode_id=\u00bb950956&#8243;][vc_column width=\u00bb1\/1&#8243;][vc_empty_space empty_h=\u00bb2&#8243;][\/vc_column][\/vc_row][vc_row unlock_row_content=\u00bbyes\u00bb row_height_percent=\u00bb0&#8243; overlay_alpha=\u00bb50&#8243; gutter_size=\u00bb3&#8243; column_width_percent=\u00bb100&#8243; shift_y=\u00bb0&#8243; z_index=\u00bb0&#8243; uncode_shortcode_id=\u00bb362315&#8243; el_class=\u00bbimg8-12&#8243;][vc_column width=\u00bb1\/2&#8243;][vc_column_text uncode_shortcode_id=\u00bb213983&#8243; css=\u00bb.vc_custom_1684677556535{margin-bottom: -15px !important;}\u00bb]<\/p>\n<h2 class=\"metadatosCentro\" style=\"text-align: left;\">DISE\u00d1O<\/h2>\n<p>[\/vc_column_text][vc_column_text uncode_shortcode_id=\u00bb241711&#8243;]<\/p>\n<p class=\"normal\">Afrodita transita entre el lirismo de la representaci\u00f3n del cuerpo humano y la clara evocaci\u00f3n de la gracia de la curva a la severidad de la l\u00ednea recta, del movimiento a la inmovilidad. Dos cortes en direcciones perpendiculares a un bloque macizo de piedra dan lugar a la silueta de un cuerpo en movimiento que define la sensualidad de la pieza, cuyas dimensiones la convierten en un objeto escult\u00f3rico para cualquier ambiente.<\/p>\n<p>[\/vc_column_text][\/vc_column][vc_column width=\u00bb1\/2&#8243;][vc_column_text uncode_shortcode_id=\u00bb297336&#8243; css=\u00bb.vc_custom_1687368912625{margin-bottom: -15px !important;}\u00bb]<\/p>\n<h2 class=\"metadatosCentro\" style=\"text-align: left;\">PRODUCCI\u00d3N<\/h2>\n<p>[\/vc_column_text][vc_column_text uncode_shortcode_id=\u00bb149267&#8243;]<\/p>\n<p class=\"normal\">Fabricado por<a href=\"http:\/\/nerinea.com\/\" target=\"_blank\" rel=\"noopener\"> Nerinea<\/a><\/p>\n<p>[\/vc_column_text][vc_column_text uncode_shortcode_id=\u00bb195379&#8243; css=\u00bb.vc_custom_1684949710763{margin-bottom: -15px !important;}\u00bb]<\/p>\n<h2 class=\"metadatosCentro\" style=\"text-align: left;\">PLAZO DE ENV\u00cdO<\/h2>\n<p>[\/vc_column_text][vc_column_text uncode_shortcode_id=\u00bb132269&#8243;]<\/p>\n<p class=\"normal\">5-7 semanas<\/p>\n<p>[\/vc_column_text][\/vc_column][\/vc_row][vc_row unlock_row_content=\u00bbyes\u00bb row_height_percent=\u00bb0&#8243; override_padding=\u00bbyes\u00bb h_padding=\u00bb0&#8243; top_padding=\u00bb0&#8243; bottom_padding=\u00bb0&#8243; overlay_alpha=\u00bb50&#8243; gutter_size=\u00bb3&#8243; column_width_percent=\u00bb100&#8243; shift_y=\u00bb0&#8243; z_index=\u00bb0&#8243; uncode_shortcode_id=\u00bb409923&#8243; el_class=\u00bbimg8-12&#8243;][vc_column width=\u00bb1\/1&#8243;][vc_empty_space empty_h=\u00bb4&#8243;][vc_separator sep_color=\u00bb\u00bb mobile_visibility=\u00bbyes\u00bb uncode_shortcode_id=\u00bb150718&#8243; el_width=\u00bb100%\u00bb el_height=\u00bb1&#8243; el_class=\u00bbdivLinea04&#8243;][\/vc_column][\/vc_row][vc_row unlock_row_content=\u00bbyes\u00bb row_height_percent=\u00bb0&#8243; override_padding=\u00bbyes\u00bb h_padding=\u00bb0&#8243; top_padding=\u00bb0&#8243; bottom_padding=\u00bb0&#8243; overlay_alpha=\u00bb50&#8243; gutter_size=\u00bb3&#8243; column_width_percent=\u00bb100&#8243; shift_y=\u00bb0&#8243; z_index=\u00bb0&#8243; mobile_visibility=\u00bbyes\u00bb uncode_shortcode_id=\u00bb130982&#8243; css=\u00bb.vc_custom_1684513763554{margin-bottom: 0px !important;padding-bottom: 0px !important;}\u00bb el_class=\u00bbimg8-12 out\u00bb][vc_column column_width_percent=\u00bb100&#8243; gutter_size=\u00bb3&#8243; overlay_alpha=\u00bb50&#8243; shift_x=\u00bb0&#8243; shift_y=\u00bb0&#8243; shift_y_down=\u00bb0&#8243; z_index=\u00bb0&#8243; medium_width=\u00bb0&#8243; mobile_width=\u00bb0&#8243; width=\u00bb1\/1&#8243; uncode_shortcode_id=\u00bb149457&#8243; css=\u00bb.vc_custom_1677583893277{padding-right: 10px !important;padding-left: 10px !important;}\u00bb][vc_empty_space empty_h=\u00bb0&#8243; medium_visibility=\u00bbyes\u00bb mobile_visibility=\u00bbyes\u00bb][uncode_navigation hide_label=\u00bbyes\u00bb hide_thumbnails=\u00bbyes\u00bb title_custom_typo=\u00bbyes\u00bb title_size=\u00bbh1&#8243; title_weight=\u00bb400&#8243; title_responsive=\u00bbyes\u00bb icon_size=\u00bbfa-3x\u00bb prev_icon=\u00bbfa fa-arrow-left4&#8243; next_icon=\u00bbfa fa-arrow-right4&#8243;][vc_empty_space empty_h=\u00bb0&#8243;][vc_empty_space empty_h=\u00bb3&#8243; mobile_visibility=\u00bbyes\u00bb][\/vc_column][\/vc_row][vc_row unlock_row_content=\u00bbyes\u00bb row_height_percent=\u00bb0&#8243; override_padding=\u00bbyes\u00bb h_padding=\u00bb0&#8243; top_padding=\u00bb0&#8243; bottom_padding=\u00bb0&#8243; overlay_alpha=\u00bb50&#8243; gutter_size=\u00bb3&#8243; column_width_percent=\u00bb100&#8243; shift_y=\u00bb0&#8243; z_index=\u00bb0&#8243; desktop_visibility=\u00bbyes\u00bb medium_visibility=\u00bbyes\u00bb uncode_shortcode_id=\u00bb198824&#8243; css=\u00bb.vc_custom_1678189224057{margin-bottom: 0px !important;padding-bottom: 0px !important;}\u00bb el_class=\u00bbmyDiv2 out\u00bb][vc_column column_width_percent=\u00bb100&#8243; gutter_size=\u00bb3&#8243; overlay_alpha=\u00bb50&#8243; shift_x=\u00bb0&#8243; shift_y=\u00bb0&#8243; shift_y_down=\u00bb0&#8243; z_index=\u00bb0&#8243; medium_width=\u00bb0&#8243; mobile_visibility=\u00bbyes\u00bb mobile_width=\u00bb0&#8243; width=\u00bb1\/6&#8243; uncode_shortcode_id=\u00bb880798&#8243;][\/vc_column][vc_column column_width_percent=\u00bb100&#8243; gutter_size=\u00bb3&#8243; overlay_alpha=\u00bb50&#8243; shift_x=\u00bb0&#8243; shift_y=\u00bb0&#8243; shift_y_down=\u00bb0&#8243; z_index=\u00bb0&#8243; medium_width=\u00bb0&#8243; mobile_width=\u00bb0&#8243; width=\u00bb4\/6&#8243; uncode_shortcode_id=\u00bb779908&#8243; css=\u00bb.vc_custom_1677584236802{padding-right: 20px !important;padding-left: 20px !important;}\u00bb][vc_separator sep_color=\u00bb\u00bb uncode_shortcode_id=\u00bb129580&#8243; el_width=\u00bb100%\u00bb el_height=\u00bb1&#8243;][uncode_navigation hide_label=\u00bbyes\u00bb hide_thumbnails=\u00bbyes\u00bb title_custom_typo=\u00bbyes\u00bb title_size=\u00bbh1&#8243; title_weight=\u00bb400&#8243; title_responsive=\u00bbyes\u00bb prev_icon=\u00bbfa fa-arrow-left4&#8243; next_icon=\u00bbfa fa-arrow-right4&#8243;][vc_empty_space empty_h=\u00bb0&#8243;][vc_empty_space empty_h=\u00bb3&#8243;][\/vc_column][vc_column column_width_percent=\u00bb100&#8243; gutter_size=\u00bb3&#8243; overlay_alpha=\u00bb50&#8243; shift_x=\u00bb0&#8243; shift_y=\u00bb0&#8243; shift_y_down=\u00bb0&#8243; z_index=\u00bb0&#8243; medium_width=\u00bb0&#8243; mobile_visibility=\u00bbyes\u00bb mobile_width=\u00bb0&#8243; width=\u00bb1\/6&#8243; uncode_shortcode_id=\u00bb789372&#8243;][\/vc_column][\/vc_row]<\/p>\n","protected":false},"excerpt":{"rendered":"<p>[vc_row unlock_row_content=\u00bbyes\u00bb row_height_percent=\u00bb0&#8243; override_padding=\u00bbyes\u00bb h_padding=\u00bb2&#8243; top_padding=\u00bb0&#8243; bottom_padding=\u00bb0&#8243; overlay_alpha=\u00bb50&#8243; gutter_size=\u00bb3&#8243; column_width_percent=\u00bb100&#8243; shift_y=\u00bb0&#8243; z_index=\u00bb0&#8243; uncode_shortcode_id=\u00bb950956&#8243;][vc_column width=\u00bb1\/1&#8243;][vc_empty_space empty_h=\u00bb2&#8243;][\/vc_column][\/vc_row][vc_row unlock_row_content=\u00bbyes\u00bb row_height_percent=\u00bb0&#8243; overlay_alpha=\u00bb50&#8243; gutter_size=\u00bb3&#8243; column_width_percent=\u00bb100&#8243; [&hellip;]<\/p>\n","protected":false},"featured_media":479,"template":"","meta":[],"product_brand":[],"product_cat":[31],"product_tag":[],"class_list":{"0":"post-93","1":"product","2":"type-product","3":"status-publish","4":"has-post-thumbnail","6":"product_cat-escultura","8":"first","9":"instock","10":"taxable","11":"shipping-taxable","12":"purchasable","13":"product-type-variable","14":"has-default-attributes","15":"woocommerce-product-gallery--with-variation-gallery product-gallery-placeholder"},"yoast_head":"<!-- This site is optimized with the Yoast SEO plugin v27.3 - https:\/\/yoast.com\/product\/yoast-seo-wordpress\/ -->\n<title>Afrodita - Tienda Fran Silvestre Arquitectos<\/title>\n<meta name=\"robots\" content=\"noindex, follow, max-snippet:-1, max-image-preview:large, max-video-preview:-1\" \/>\n<meta property=\"og:locale\" content=\"es_ES\" \/>\n<meta property=\"og:type\" content=\"article\" \/>\n<meta property=\"og:title\" content=\"Afrodita - Tienda Fran Silvestre Arquitectos\" \/>\n<meta property=\"og:description\" content=\"[vc_row unlock_row_content=\u00bbyes\u00bb row_height_percent=\u00bb0&#8243; override_padding=\u00bbyes\u00bb h_padding=\u00bb2&#8243; top_padding=\u00bb0&#8243; bottom_padding=\u00bb0&#8243; overlay_alpha=\u00bb50&#8243; gutter_size=\u00bb3&#8243; column_width_percent=\u00bb100&#8243; shift_y=\u00bb0&#8243; z_index=\u00bb0&#8243; uncode_shortcode_id=\u00bb950956&#8243;][vc_column width=\u00bb1\/1&#8243;][vc_empty_space empty_h=\u00bb2&#8243;][\/vc_column][\/vc_row][vc_row unlock_row_content=\u00bbyes\u00bb row_height_percent=\u00bb0&#8243; overlay_alpha=\u00bb50&#8243; gutter_size=\u00bb3&#8243; column_width_percent=\u00bb100&#8243; [&hellip;]\" \/>\n<meta property=\"og:url\" content=\"https:\/\/fransilvestrearquitectos.com\/tienda\/producto\/afrodita\/\" \/>\n<meta property=\"og:site_name\" content=\"Tienda Fran Silvestre Arquitectos\" \/>\n<meta property=\"article:modified_time\" content=\"2024-02-01T12:19:25+00:00\" \/>\n<meta property=\"og:image\" content=\"https:\/\/fransilvestrearquitectos.com\/tienda\/wp-content\/uploads\/2023\/06\/AFR-S040-1_P03.jpg\" \/>\n\t<meta property=\"og:image:width\" content=\"1250\" \/>\n\t<meta property=\"og:image:height\" content=\"1874\" \/>\n\t<meta property=\"og:image:type\" content=\"image\/jpeg\" \/>\n<meta name=\"twitter:card\" content=\"summary_large_image\" \/>\n<meta name=\"twitter:label1\" content=\"Tiempo de lectura\" \/>\n\t<meta name=\"twitter:data1\" content=\"2 minutos\" \/>\n<script type=\"application\/ld+json\" class=\"yoast-schema-graph\">{\"@context\":\"https:\\\/\\\/schema.org\",\"@graph\":[{\"@type\":\"WebPage\",\"@id\":\"https:\\\/\\\/fransilvestrearquitectos.com\\\/tienda\\\/producto\\\/afrodita\\\/\",\"url\":\"https:\\\/\\\/fransilvestrearquitectos.com\\\/tienda\\\/producto\\\/afrodita\\\/\",\"name\":\"Afrodita - Tienda Fran Silvestre Arquitectos\",\"isPartOf\":{\"@id\":\"https:\\\/\\\/fransilvestrearquitectos.com\\\/tienda\\\/#website\"},\"primaryImageOfPage\":{\"@id\":\"https:\\\/\\\/fransilvestrearquitectos.com\\\/tienda\\\/producto\\\/afrodita\\\/#primaryimage\"},\"image\":{\"@id\":\"https:\\\/\\\/fransilvestrearquitectos.com\\\/tienda\\\/producto\\\/afrodita\\\/#primaryimage\"},\"thumbnailUrl\":\"https:\\\/\\\/fransilvestrearquitectos.com\\\/tienda\\\/wp-content\\\/uploads\\\/2023\\\/06\\\/AFR-S040-1_P03.jpg\",\"datePublished\":\"2023-06-03T15:21:18+00:00\",\"dateModified\":\"2024-02-01T12:19:25+00:00\",\"breadcrumb\":{\"@id\":\"https:\\\/\\\/fransilvestrearquitectos.com\\\/tienda\\\/producto\\\/afrodita\\\/#breadcrumb\"},\"inLanguage\":\"es\",\"potentialAction\":[{\"@type\":\"ReadAction\",\"target\":[\"https:\\\/\\\/fransilvestrearquitectos.com\\\/tienda\\\/producto\\\/afrodita\\\/\"]}]},{\"@type\":\"ImageObject\",\"inLanguage\":\"es\",\"@id\":\"https:\\\/\\\/fransilvestrearquitectos.com\\\/tienda\\\/producto\\\/afrodita\\\/#primaryimage\",\"url\":\"https:\\\/\\\/fransilvestrearquitectos.com\\\/tienda\\\/wp-content\\\/uploads\\\/2023\\\/06\\\/AFR-S040-1_P03.jpg\",\"contentUrl\":\"https:\\\/\\\/fransilvestrearquitectos.com\\\/tienda\\\/wp-content\\\/uploads\\\/2023\\\/06\\\/AFR-S040-1_P03.jpg\",\"width\":1250,\"height\":1874},{\"@type\":\"BreadcrumbList\",\"@id\":\"https:\\\/\\\/fransilvestrearquitectos.com\\\/tienda\\\/producto\\\/afrodita\\\/#breadcrumb\",\"itemListElement\":[{\"@type\":\"ListItem\",\"position\":1,\"name\":\"Portada\",\"item\":\"https:\\\/\\\/fransilvestrearquitectos.com\\\/tienda\\\/\"},{\"@type\":\"ListItem\",\"position\":2,\"name\":\"Tienda\",\"item\":\"https:\\\/\\\/fransilvestrearquitectos.com\\\/tienda\\\/tienda\\\/\"},{\"@type\":\"ListItem\",\"position\":3,\"name\":\"Afrodita\"}]},{\"@type\":\"WebSite\",\"@id\":\"https:\\\/\\\/fransilvestrearquitectos.com\\\/tienda\\\/#website\",\"url\":\"https:\\\/\\\/fransilvestrearquitectos.com\\\/tienda\\\/\",\"name\":\"Tienda Fran Silvestre Arquitectos\",\"description\":\"FRAN SILVESTRE ARQUITECTOS\u2122\",\"potentialAction\":[{\"@type\":\"SearchAction\",\"target\":{\"@type\":\"EntryPoint\",\"urlTemplate\":\"https:\\\/\\\/fransilvestrearquitectos.com\\\/tienda\\\/?s={search_term_string}\"},\"query-input\":{\"@type\":\"PropertyValueSpecification\",\"valueRequired\":true,\"valueName\":\"search_term_string\"}}],\"inLanguage\":\"es\"}]}<\/script>\n<!-- \/ Yoast SEO plugin. -->","yoast_head_json":{"title":"Afrodita - Tienda Fran Silvestre Arquitectos","robots":{"index":"noindex","follow":"follow","max-snippet":"max-snippet:-1","max-image-preview":"max-image-preview:large","max-video-preview":"max-video-preview:-1"},"og_locale":"es_ES","og_type":"article","og_title":"Afrodita - Tienda Fran Silvestre Arquitectos","og_description":"[vc_row unlock_row_content=\u00bbyes\u00bb row_height_percent=\u00bb0&#8243; override_padding=\u00bbyes\u00bb h_padding=\u00bb2&#8243; top_padding=\u00bb0&#8243; bottom_padding=\u00bb0&#8243; overlay_alpha=\u00bb50&#8243; gutter_size=\u00bb3&#8243; column_width_percent=\u00bb100&#8243; shift_y=\u00bb0&#8243; z_index=\u00bb0&#8243; uncode_shortcode_id=\u00bb950956&#8243;][vc_column width=\u00bb1\/1&#8243;][vc_empty_space empty_h=\u00bb2&#8243;][\/vc_column][\/vc_row][vc_row unlock_row_content=\u00bbyes\u00bb row_height_percent=\u00bb0&#8243; overlay_alpha=\u00bb50&#8243; gutter_size=\u00bb3&#8243; column_width_percent=\u00bb100&#8243; [&hellip;]","og_url":"https:\/\/fransilvestrearquitectos.com\/tienda\/producto\/afrodita\/","og_site_name":"Tienda Fran Silvestre Arquitectos","article_modified_time":"2024-02-01T12:19:25+00:00","og_image":[{"width":1250,"height":1874,"url":"https:\/\/fransilvestrearquitectos.com\/tienda\/wp-content\/uploads\/2023\/06\/AFR-S040-1_P03.jpg","type":"image\/jpeg"}],"twitter_card":"summary_large_image","twitter_misc":{"Tiempo de lectura":"2 minutos"},"schema":{"@context":"https:\/\/schema.org","@graph":[{"@type":"WebPage","@id":"https:\/\/fransilvestrearquitectos.com\/tienda\/producto\/afrodita\/","url":"https:\/\/fransilvestrearquitectos.com\/tienda\/producto\/afrodita\/","name":"Afrodita - Tienda Fran Silvestre Arquitectos","isPartOf":{"@id":"https:\/\/fransilvestrearquitectos.com\/tienda\/#website"},"primaryImageOfPage":{"@id":"https:\/\/fransilvestrearquitectos.com\/tienda\/producto\/afrodita\/#primaryimage"},"image":{"@id":"https:\/\/fransilvestrearquitectos.com\/tienda\/producto\/afrodita\/#primaryimage"},"thumbnailUrl":"https:\/\/fransilvestrearquitectos.com\/tienda\/wp-content\/uploads\/2023\/06\/AFR-S040-1_P03.jpg","datePublished":"2023-06-03T15:21:18+00:00","dateModified":"2024-02-01T12:19:25+00:00","breadcrumb":{"@id":"https:\/\/fransilvestrearquitectos.com\/tienda\/producto\/afrodita\/#breadcrumb"},"inLanguage":"es","potentialAction":[{"@type":"ReadAction","target":["https:\/\/fransilvestrearquitectos.com\/tienda\/producto\/afrodita\/"]}]},{"@type":"ImageObject","inLanguage":"es","@id":"https:\/\/fransilvestrearquitectos.com\/tienda\/producto\/afrodita\/#primaryimage","url":"https:\/\/fransilvestrearquitectos.com\/tienda\/wp-content\/uploads\/2023\/06\/AFR-S040-1_P03.jpg","contentUrl":"https:\/\/fransilvestrearquitectos.com\/tienda\/wp-content\/uploads\/2023\/06\/AFR-S040-1_P03.jpg","width":1250,"height":1874},{"@type":"BreadcrumbList","@id":"https:\/\/fransilvestrearquitectos.com\/tienda\/producto\/afrodita\/#breadcrumb","itemListElement":[{"@type":"ListItem","position":1,"name":"Portada","item":"https:\/\/fransilvestrearquitectos.com\/tienda\/"},{"@type":"ListItem","position":2,"name":"Tienda","item":"https:\/\/fransilvestrearquitectos.com\/tienda\/tienda\/"},{"@type":"ListItem","position":3,"name":"Afrodita"}]},{"@type":"WebSite","@id":"https:\/\/fransilvestrearquitectos.com\/tienda\/#website","url":"https:\/\/fransilvestrearquitectos.com\/tienda\/","name":"Tienda Fran Silvestre Arquitectos","description":"FRAN SILVESTRE ARQUITECTOS\u2122","potentialAction":[{"@type":"SearchAction","target":{"@type":"EntryPoint","urlTemplate":"https:\/\/fransilvestrearquitectos.com\/tienda\/?s={search_term_string}"},"query-input":{"@type":"PropertyValueSpecification","valueRequired":true,"valueName":"search_term_string"}}],"inLanguage":"es"}]}},"_links":{"self":[{"href":"https:\/\/fransilvestrearquitectos.com\/tienda\/wp-json\/wp\/v2\/product\/93","targetHints":{"allow":["GET"]}}],"collection":[{"href":"https:\/\/fransilvestrearquitectos.com\/tienda\/wp-json\/wp\/v2\/product"}],"about":[{"href":"https:\/\/fransilvestrearquitectos.com\/tienda\/wp-json\/wp\/v2\/types\/product"}],"wp:featuredmedia":[{"embeddable":true,"href":"https:\/\/fransilvestrearquitectos.com\/tienda\/wp-json\/wp\/v2\/media\/479"}],"wp:attachment":[{"href":"https:\/\/fransilvestrearquitectos.com\/tienda\/wp-json\/wp\/v2\/media?parent=93"}],"wp:term":[{"taxonomy":"product_brand","embeddable":true,"href":"https:\/\/fransilvestrearquitectos.com\/tienda\/wp-json\/wp\/v2\/product_brand?post=93"},{"taxonomy":"product_cat","embeddable":true,"href":"https:\/\/fransilvestrearquitectos.com\/tienda\/wp-json\/wp\/v2\/product_cat?post=93"},{"taxonomy":"product_tag","embeddable":true,"href":"https:\/\/fransilvestrearquitectos.com\/tienda\/wp-json\/wp\/v2\/product_tag?post=93"}],"curies":[{"name":"wp","href":"https:\/\/api.w.org\/{rel}","templated":true}]}}