{"id":792,"date":"2024-01-09T15:15:32","date_gmt":"2024-01-09T15:15:32","guid":{"rendered":"https:\/\/fransilvestrearquitectos.com\/tienda\/?post_type=product&#038;p=792"},"modified":"2024-01-09T16:02:33","modified_gmt":"2024-01-09T16:02:33","slug":"hera","status":"publish","type":"product","link":"https:\/\/fransilvestrearquitectos.com\/tienda\/producto\/hera\/","title":{"rendered":"Hera"},"content":{"rendered":"<p>[vc_row unlock_row_content=\u00bbyes\u00bb row_height_percent=\u00bb0&#8243; override_padding=\u00bbyes\u00bb h_padding=\u00bb2&#8243; top_padding=\u00bb0&#8243; bottom_padding=\u00bb0&#8243; overlay_alpha=\u00bb50&#8243; gutter_size=\u00bb3&#8243; column_width_percent=\u00bb100&#8243; shift_y=\u00bb0&#8243; z_index=\u00bb0&#8243; uncode_shortcode_id=\u00bb950956&#8243;][vc_column width=\u00bb1\/1&#8243;][vc_empty_space empty_h=\u00bb2&#8243;][\/vc_column][\/vc_row][vc_row unlock_row_content=\u00bbyes\u00bb row_height_percent=\u00bb0&#8243; overlay_alpha=\u00bb50&#8243; gutter_size=\u00bb3&#8243; column_width_percent=\u00bb100&#8243; shift_y=\u00bb0&#8243; z_index=\u00bb0&#8243; uncode_shortcode_id=\u00bb362315&#8243; el_class=\u00bbimg8-12&#8243;][vc_column width=\u00bb1\/2&#8243;][vc_column_text uncode_shortcode_id=\u00bb213983&#8243; css=\u00bb.vc_custom_1684677556535{margin-bottom: -15px !important;}\u00bb]<\/p>\n<h2 class=\"metadatosCentro\" style=\"text-align: left;\">DISE\u00d1O<\/h2>\n<p>[\/vc_column_text][vc_column_text uncode_shortcode_id=\u00bb137187&#8243;]<\/p>\n<p class=\"normal\">La mesa Hera se configura a partir de piezas de piedra rectangulares cuya geometr\u00eda viene determinada por la incisi\u00f3n de dos l\u00edneas de metal sim\u00e9tricas que dialogan de forma equilibrada y act\u00faan como estructura de soporte. La s\u00f3lida tapa de piedra natural en contacto con las finas l\u00e1minas met\u00e1licas de 12mm de espesor genera un lienzo de contrastes de las texturas radicalmente distintas de estos\u00a0materiales.<\/p>\n<p>[\/vc_column_text][\/vc_column][vc_column width=\u00bb1\/2&#8243;][vc_column_text uncode_shortcode_id=\u00bb297336&#8243; css=\u00bb.vc_custom_1687368912625{margin-bottom: -15px !important;}\u00bb]<\/p>\n<h2 class=\"metadatosCentro\" style=\"text-align: left;\">PRODUCCI\u00d3N<\/h2>\n<p>[\/vc_column_text][vc_column_text uncode_shortcode_id=\u00bb120909&#8243;]<\/p>\n<p class=\"normal\">Fabricado por<a href=\"http:\/\/nerinea.com\/\" target=\"_blank\" rel=\"noopener\"> Nerinea<\/a><\/p>\n<p>[\/vc_column_text][vc_column_text uncode_shortcode_id=\u00bb195379&#8243; css=\u00bb.vc_custom_1684949710763{margin-bottom: -15px !important;}\u00bb]<\/p>\n<h2 class=\"metadatosCentro\" style=\"text-align: left;\">PLAZO DE ENV\u00cdO<\/h2>\n<p>[\/vc_column_text][vc_column_text uncode_shortcode_id=\u00bb132269&#8243;]<\/p>\n<p class=\"normal\">5-7 semanas<\/p>\n<p>[\/vc_column_text][\/vc_column][\/vc_row][vc_row unlock_row_content=\u00bbyes\u00bb row_height_percent=\u00bb0&#8243; override_padding=\u00bbyes\u00bb h_padding=\u00bb0&#8243; top_padding=\u00bb0&#8243; bottom_padding=\u00bb0&#8243; overlay_alpha=\u00bb50&#8243; gutter_size=\u00bb3&#8243; column_width_percent=\u00bb100&#8243; shift_y=\u00bb0&#8243; z_index=\u00bb0&#8243; uncode_shortcode_id=\u00bb409923&#8243; el_class=\u00bbimg8-12&#8243;][vc_column width=\u00bb1\/1&#8243;][vc_empty_space empty_h=\u00bb4&#8243;][vc_separator sep_color=\u00bb\u00bb mobile_visibility=\u00bbyes\u00bb uncode_shortcode_id=\u00bb150718&#8243; el_width=\u00bb100%\u00bb el_height=\u00bb1&#8243; el_class=\u00bbdivLinea04&#8243;][\/vc_column][\/vc_row][vc_row unlock_row_content=\u00bbyes\u00bb row_height_percent=\u00bb0&#8243; override_padding=\u00bbyes\u00bb h_padding=\u00bb0&#8243; top_padding=\u00bb0&#8243; bottom_padding=\u00bb0&#8243; overlay_alpha=\u00bb50&#8243; gutter_size=\u00bb3&#8243; column_width_percent=\u00bb100&#8243; shift_y=\u00bb0&#8243; z_index=\u00bb0&#8243; mobile_visibility=\u00bbyes\u00bb uncode_shortcode_id=\u00bb130982&#8243; css=\u00bb.vc_custom_1684513763554{margin-bottom: 0px !important;padding-bottom: 0px !important;}\u00bb el_class=\u00bbimg8-12 out\u00bb][vc_column column_width_percent=\u00bb100&#8243; gutter_size=\u00bb3&#8243; overlay_alpha=\u00bb50&#8243; shift_x=\u00bb0&#8243; shift_y=\u00bb0&#8243; shift_y_down=\u00bb0&#8243; z_index=\u00bb0&#8243; medium_width=\u00bb0&#8243; mobile_width=\u00bb0&#8243; width=\u00bb1\/1&#8243; uncode_shortcode_id=\u00bb149457&#8243; css=\u00bb.vc_custom_1677583893277{padding-right: 10px !important;padding-left: 10px !important;}\u00bb][vc_empty_space empty_h=\u00bb0&#8243; medium_visibility=\u00bbyes\u00bb mobile_visibility=\u00bbyes\u00bb][uncode_navigation hide_label=\u00bbyes\u00bb hide_thumbnails=\u00bbyes\u00bb title_custom_typo=\u00bbyes\u00bb title_size=\u00bbh1&#8243; title_weight=\u00bb400&#8243; title_responsive=\u00bbyes\u00bb icon_size=\u00bbfa-3x\u00bb prev_icon=\u00bbfa fa-arrow-left4&#8243; next_icon=\u00bbfa fa-arrow-right4&#8243;][vc_empty_space empty_h=\u00bb0&#8243;][vc_empty_space empty_h=\u00bb3&#8243; mobile_visibility=\u00bbyes\u00bb][\/vc_column][\/vc_row][vc_row unlock_row_content=\u00bbyes\u00bb row_height_percent=\u00bb0&#8243; override_padding=\u00bbyes\u00bb h_padding=\u00bb0&#8243; top_padding=\u00bb0&#8243; bottom_padding=\u00bb0&#8243; overlay_alpha=\u00bb50&#8243; gutter_size=\u00bb3&#8243; column_width_percent=\u00bb100&#8243; shift_y=\u00bb0&#8243; z_index=\u00bb0&#8243; desktop_visibility=\u00bbyes\u00bb medium_visibility=\u00bbyes\u00bb uncode_shortcode_id=\u00bb198824&#8243; css=\u00bb.vc_custom_1678189224057{margin-bottom: 0px !important;padding-bottom: 0px !important;}\u00bb el_class=\u00bbmyDiv2 out\u00bb][vc_column column_width_percent=\u00bb100&#8243; gutter_size=\u00bb3&#8243; overlay_alpha=\u00bb50&#8243; shift_x=\u00bb0&#8243; shift_y=\u00bb0&#8243; shift_y_down=\u00bb0&#8243; z_index=\u00bb0&#8243; medium_width=\u00bb0&#8243; mobile_visibility=\u00bbyes\u00bb mobile_width=\u00bb0&#8243; width=\u00bb1\/6&#8243; uncode_shortcode_id=\u00bb880798&#8243;][\/vc_column][vc_column column_width_percent=\u00bb100&#8243; gutter_size=\u00bb3&#8243; overlay_alpha=\u00bb50&#8243; shift_x=\u00bb0&#8243; shift_y=\u00bb0&#8243; shift_y_down=\u00bb0&#8243; z_index=\u00bb0&#8243; medium_width=\u00bb0&#8243; mobile_width=\u00bb0&#8243; width=\u00bb4\/6&#8243; uncode_shortcode_id=\u00bb779908&#8243; css=\u00bb.vc_custom_1677584236802{padding-right: 20px !important;padding-left: 20px !important;}\u00bb][vc_separator sep_color=\u00bb\u00bb uncode_shortcode_id=\u00bb129580&#8243; el_width=\u00bb100%\u00bb el_height=\u00bb1&#8243;][uncode_navigation hide_label=\u00bbyes\u00bb hide_thumbnails=\u00bbyes\u00bb title_custom_typo=\u00bbyes\u00bb title_size=\u00bbh1&#8243; title_weight=\u00bb400&#8243; title_responsive=\u00bbyes\u00bb prev_icon=\u00bbfa fa-arrow-left4&#8243; next_icon=\u00bbfa fa-arrow-right4&#8243;][vc_empty_space empty_h=\u00bb0&#8243;][vc_empty_space empty_h=\u00bb3&#8243;][\/vc_column][vc_column column_width_percent=\u00bb100&#8243; gutter_size=\u00bb3&#8243; overlay_alpha=\u00bb50&#8243; shift_x=\u00bb0&#8243; shift_y=\u00bb0&#8243; shift_y_down=\u00bb0&#8243; z_index=\u00bb0&#8243; medium_width=\u00bb0&#8243; mobile_visibility=\u00bbyes\u00bb mobile_width=\u00bb0&#8243; width=\u00bb1\/6&#8243; uncode_shortcode_id=\u00bb789372&#8243;][\/vc_column][\/vc_row]<\/p>\n","protected":false},"excerpt":{"rendered":"<p>[vc_row unlock_row_content=\u00bbyes\u00bb row_height_percent=\u00bb0&#8243; override_padding=\u00bbyes\u00bb h_padding=\u00bb2&#8243; top_padding=\u00bb0&#8243; bottom_padding=\u00bb0&#8243; overlay_alpha=\u00bb50&#8243; gutter_size=\u00bb3&#8243; column_width_percent=\u00bb100&#8243; shift_y=\u00bb0&#8243; z_index=\u00bb0&#8243; uncode_shortcode_id=\u00bb950956&#8243;][vc_column width=\u00bb1\/1&#8243;][vc_empty_space empty_h=\u00bb2&#8243;][\/vc_column][\/vc_row][vc_row unlock_row_content=\u00bbyes\u00bb row_height_percent=\u00bb0&#8243; overlay_alpha=\u00bb50&#8243; gutter_size=\u00bb3&#8243; column_width_percent=\u00bb100&#8243; [&hellip;]<\/p>\n","protected":false},"featured_media":801,"template":"","meta":[],"product_brand":[],"product_cat":[25],"product_tag":[],"class_list":{"0":"post-792","1":"product","2":"type-product","3":"status-publish","4":"has-post-thumbnail","6":"product_cat-mesa-de-centro","8":"first","9":"instock","10":"taxable","11":"shipping-taxable","12":"purchasable","13":"product-type-variable","14":"has-default-attributes","15":"woocommerce-product-gallery--with-variation-gallery product-gallery-placeholder"},"yoast_head":"<!-- This site is optimized with the Yoast SEO plugin v27.3 - https:\/\/yoast.com\/product\/yoast-seo-wordpress\/ -->\n<title>Hera - Tienda Fran Silvestre Arquitectos<\/title>\n<meta name=\"robots\" content=\"noindex, follow, max-snippet:-1, max-image-preview:large, max-video-preview:-1\" \/>\n<meta property=\"og:locale\" content=\"es_ES\" \/>\n<meta property=\"og:type\" content=\"article\" \/>\n<meta property=\"og:title\" content=\"Hera - Tienda Fran Silvestre Arquitectos\" \/>\n<meta property=\"og:description\" content=\"[vc_row unlock_row_content=\u00bbyes\u00bb row_height_percent=\u00bb0&#8243; override_padding=\u00bbyes\u00bb h_padding=\u00bb2&#8243; top_padding=\u00bb0&#8243; bottom_padding=\u00bb0&#8243; overlay_alpha=\u00bb50&#8243; gutter_size=\u00bb3&#8243; column_width_percent=\u00bb100&#8243; shift_y=\u00bb0&#8243; z_index=\u00bb0&#8243; uncode_shortcode_id=\u00bb950956&#8243;][vc_column width=\u00bb1\/1&#8243;][vc_empty_space empty_h=\u00bb2&#8243;][\/vc_column][\/vc_row][vc_row unlock_row_content=\u00bbyes\u00bb row_height_percent=\u00bb0&#8243; overlay_alpha=\u00bb50&#8243; gutter_size=\u00bb3&#8243; column_width_percent=\u00bb100&#8243; [&hellip;]\" \/>\n<meta property=\"og:url\" content=\"https:\/\/fransilvestrearquitectos.com\/tienda\/producto\/hera\/\" \/>\n<meta property=\"og:site_name\" content=\"Tienda Fran Silvestre Arquitectos\" \/>\n<meta property=\"article:modified_time\" content=\"2024-01-09T16:02:33+00:00\" \/>\n<meta property=\"og:image\" content=\"https:\/\/fransilvestrearquitectos.com\/tienda\/wp-content\/uploads\/2024\/01\/HERA-Fran-Silvestre-Arquitectos-00.jpg\" \/>\n\t<meta property=\"og:image:width\" content=\"1250\" \/>\n\t<meta property=\"og:image:height\" content=\"1876\" \/>\n\t<meta property=\"og:image:type\" content=\"image\/jpeg\" \/>\n<meta name=\"twitter:card\" content=\"summary_large_image\" \/>\n<meta name=\"twitter:label1\" content=\"Tiempo de lectura\" \/>\n\t<meta name=\"twitter:data1\" content=\"2 minutos\" \/>\n<script type=\"application\/ld+json\" class=\"yoast-schema-graph\">{\"@context\":\"https:\\\/\\\/schema.org\",\"@graph\":[{\"@type\":\"WebPage\",\"@id\":\"https:\\\/\\\/fransilvestrearquitectos.com\\\/tienda\\\/producto\\\/hera\\\/\",\"url\":\"https:\\\/\\\/fransilvestrearquitectos.com\\\/tienda\\\/producto\\\/hera\\\/\",\"name\":\"Hera - Tienda Fran Silvestre Arquitectos\",\"isPartOf\":{\"@id\":\"https:\\\/\\\/fransilvestrearquitectos.com\\\/tienda\\\/#website\"},\"primaryImageOfPage\":{\"@id\":\"https:\\\/\\\/fransilvestrearquitectos.com\\\/tienda\\\/producto\\\/hera\\\/#primaryimage\"},\"image\":{\"@id\":\"https:\\\/\\\/fransilvestrearquitectos.com\\\/tienda\\\/producto\\\/hera\\\/#primaryimage\"},\"thumbnailUrl\":\"https:\\\/\\\/fransilvestrearquitectos.com\\\/tienda\\\/wp-content\\\/uploads\\\/2024\\\/01\\\/HERA-Fran-Silvestre-Arquitectos-00.jpg\",\"datePublished\":\"2024-01-09T15:15:32+00:00\",\"dateModified\":\"2024-01-09T16:02:33+00:00\",\"breadcrumb\":{\"@id\":\"https:\\\/\\\/fransilvestrearquitectos.com\\\/tienda\\\/producto\\\/hera\\\/#breadcrumb\"},\"inLanguage\":\"es\",\"potentialAction\":[{\"@type\":\"ReadAction\",\"target\":[\"https:\\\/\\\/fransilvestrearquitectos.com\\\/tienda\\\/producto\\\/hera\\\/\"]}]},{\"@type\":\"ImageObject\",\"inLanguage\":\"es\",\"@id\":\"https:\\\/\\\/fransilvestrearquitectos.com\\\/tienda\\\/producto\\\/hera\\\/#primaryimage\",\"url\":\"https:\\\/\\\/fransilvestrearquitectos.com\\\/tienda\\\/wp-content\\\/uploads\\\/2024\\\/01\\\/HERA-Fran-Silvestre-Arquitectos-00.jpg\",\"contentUrl\":\"https:\\\/\\\/fransilvestrearquitectos.com\\\/tienda\\\/wp-content\\\/uploads\\\/2024\\\/01\\\/HERA-Fran-Silvestre-Arquitectos-00.jpg\",\"width\":1250,\"height\":1876},{\"@type\":\"BreadcrumbList\",\"@id\":\"https:\\\/\\\/fransilvestrearquitectos.com\\\/tienda\\\/producto\\\/hera\\\/#breadcrumb\",\"itemListElement\":[{\"@type\":\"ListItem\",\"position\":1,\"name\":\"Portada\",\"item\":\"https:\\\/\\\/fransilvestrearquitectos.com\\\/tienda\\\/\"},{\"@type\":\"ListItem\",\"position\":2,\"name\":\"Tienda\",\"item\":\"https:\\\/\\\/fransilvestrearquitectos.com\\\/tienda\\\/tienda\\\/\"},{\"@type\":\"ListItem\",\"position\":3,\"name\":\"Hera\"}]},{\"@type\":\"WebSite\",\"@id\":\"https:\\\/\\\/fransilvestrearquitectos.com\\\/tienda\\\/#website\",\"url\":\"https:\\\/\\\/fransilvestrearquitectos.com\\\/tienda\\\/\",\"name\":\"Tienda Fran Silvestre Arquitectos\",\"description\":\"FRAN SILVESTRE ARQUITECTOS\u2122\",\"potentialAction\":[{\"@type\":\"SearchAction\",\"target\":{\"@type\":\"EntryPoint\",\"urlTemplate\":\"https:\\\/\\\/fransilvestrearquitectos.com\\\/tienda\\\/?s={search_term_string}\"},\"query-input\":{\"@type\":\"PropertyValueSpecification\",\"valueRequired\":true,\"valueName\":\"search_term_string\"}}],\"inLanguage\":\"es\"}]}<\/script>\n<!-- \/ Yoast SEO plugin. -->","yoast_head_json":{"title":"Hera - Tienda Fran Silvestre Arquitectos","robots":{"index":"noindex","follow":"follow","max-snippet":"max-snippet:-1","max-image-preview":"max-image-preview:large","max-video-preview":"max-video-preview:-1"},"og_locale":"es_ES","og_type":"article","og_title":"Hera - Tienda Fran Silvestre Arquitectos","og_description":"[vc_row unlock_row_content=\u00bbyes\u00bb row_height_percent=\u00bb0&#8243; override_padding=\u00bbyes\u00bb h_padding=\u00bb2&#8243; top_padding=\u00bb0&#8243; bottom_padding=\u00bb0&#8243; overlay_alpha=\u00bb50&#8243; gutter_size=\u00bb3&#8243; column_width_percent=\u00bb100&#8243; shift_y=\u00bb0&#8243; z_index=\u00bb0&#8243; uncode_shortcode_id=\u00bb950956&#8243;][vc_column width=\u00bb1\/1&#8243;][vc_empty_space empty_h=\u00bb2&#8243;][\/vc_column][\/vc_row][vc_row unlock_row_content=\u00bbyes\u00bb row_height_percent=\u00bb0&#8243; overlay_alpha=\u00bb50&#8243; gutter_size=\u00bb3&#8243; column_width_percent=\u00bb100&#8243; [&hellip;]","og_url":"https:\/\/fransilvestrearquitectos.com\/tienda\/producto\/hera\/","og_site_name":"Tienda Fran Silvestre Arquitectos","article_modified_time":"2024-01-09T16:02:33+00:00","og_image":[{"width":1250,"height":1876,"url":"https:\/\/fransilvestrearquitectos.com\/tienda\/wp-content\/uploads\/2024\/01\/HERA-Fran-Silvestre-Arquitectos-00.jpg","type":"image\/jpeg"}],"twitter_card":"summary_large_image","twitter_misc":{"Tiempo de lectura":"2 minutos"},"schema":{"@context":"https:\/\/schema.org","@graph":[{"@type":"WebPage","@id":"https:\/\/fransilvestrearquitectos.com\/tienda\/producto\/hera\/","url":"https:\/\/fransilvestrearquitectos.com\/tienda\/producto\/hera\/","name":"Hera - Tienda Fran Silvestre Arquitectos","isPartOf":{"@id":"https:\/\/fransilvestrearquitectos.com\/tienda\/#website"},"primaryImageOfPage":{"@id":"https:\/\/fransilvestrearquitectos.com\/tienda\/producto\/hera\/#primaryimage"},"image":{"@id":"https:\/\/fransilvestrearquitectos.com\/tienda\/producto\/hera\/#primaryimage"},"thumbnailUrl":"https:\/\/fransilvestrearquitectos.com\/tienda\/wp-content\/uploads\/2024\/01\/HERA-Fran-Silvestre-Arquitectos-00.jpg","datePublished":"2024-01-09T15:15:32+00:00","dateModified":"2024-01-09T16:02:33+00:00","breadcrumb":{"@id":"https:\/\/fransilvestrearquitectos.com\/tienda\/producto\/hera\/#breadcrumb"},"inLanguage":"es","potentialAction":[{"@type":"ReadAction","target":["https:\/\/fransilvestrearquitectos.com\/tienda\/producto\/hera\/"]}]},{"@type":"ImageObject","inLanguage":"es","@id":"https:\/\/fransilvestrearquitectos.com\/tienda\/producto\/hera\/#primaryimage","url":"https:\/\/fransilvestrearquitectos.com\/tienda\/wp-content\/uploads\/2024\/01\/HERA-Fran-Silvestre-Arquitectos-00.jpg","contentUrl":"https:\/\/fransilvestrearquitectos.com\/tienda\/wp-content\/uploads\/2024\/01\/HERA-Fran-Silvestre-Arquitectos-00.jpg","width":1250,"height":1876},{"@type":"BreadcrumbList","@id":"https:\/\/fransilvestrearquitectos.com\/tienda\/producto\/hera\/#breadcrumb","itemListElement":[{"@type":"ListItem","position":1,"name":"Portada","item":"https:\/\/fransilvestrearquitectos.com\/tienda\/"},{"@type":"ListItem","position":2,"name":"Tienda","item":"https:\/\/fransilvestrearquitectos.com\/tienda\/tienda\/"},{"@type":"ListItem","position":3,"name":"Hera"}]},{"@type":"WebSite","@id":"https:\/\/fransilvestrearquitectos.com\/tienda\/#website","url":"https:\/\/fransilvestrearquitectos.com\/tienda\/","name":"Tienda Fran Silvestre Arquitectos","description":"FRAN SILVESTRE ARQUITECTOS\u2122","potentialAction":[{"@type":"SearchAction","target":{"@type":"EntryPoint","urlTemplate":"https:\/\/fransilvestrearquitectos.com\/tienda\/?s={search_term_string}"},"query-input":{"@type":"PropertyValueSpecification","valueRequired":true,"valueName":"search_term_string"}}],"inLanguage":"es"}]}},"_links":{"self":[{"href":"https:\/\/fransilvestrearquitectos.com\/tienda\/wp-json\/wp\/v2\/product\/792","targetHints":{"allow":["GET"]}}],"collection":[{"href":"https:\/\/fransilvestrearquitectos.com\/tienda\/wp-json\/wp\/v2\/product"}],"about":[{"href":"https:\/\/fransilvestrearquitectos.com\/tienda\/wp-json\/wp\/v2\/types\/product"}],"wp:featuredmedia":[{"embeddable":true,"href":"https:\/\/fransilvestrearquitectos.com\/tienda\/wp-json\/wp\/v2\/media\/801"}],"wp:attachment":[{"href":"https:\/\/fransilvestrearquitectos.com\/tienda\/wp-json\/wp\/v2\/media?parent=792"}],"wp:term":[{"taxonomy":"product_brand","embeddable":true,"href":"https:\/\/fransilvestrearquitectos.com\/tienda\/wp-json\/wp\/v2\/product_brand?post=792"},{"taxonomy":"product_cat","embeddable":true,"href":"https:\/\/fransilvestrearquitectos.com\/tienda\/wp-json\/wp\/v2\/product_cat?post=792"},{"taxonomy":"product_tag","embeddable":true,"href":"https:\/\/fransilvestrearquitectos.com\/tienda\/wp-json\/wp\/v2\/product_tag?post=792"}],"curies":[{"name":"wp","href":"https:\/\/api.w.org\/{rel}","templated":true}]}}